{"id":37,"date":"2021-04-26T08:20:27","date_gmt":"2021-04-26T08:20:27","guid":{"rendered":"http:\/\/www.xn--gasaolyeguren-lkb.com\/wordpress\/?page_id=37"},"modified":"2025-04-11T18:27:41","modified_gmt":"2025-04-11T18:27:41","slug":"la-empresa","status":"publish","type":"page","link":"https:\/\/www.inmobiliariaeguren.com\/wordpress\/la-empresa\/","title":{"rendered":"Empresa"},"content":{"rendered":"\n<div style=\"height:30px\" aria-hidden=\"true\" class=\"wp-block-spacer\"><\/div>\n\n\n<div class=\"wp-block-image\">\n<figure class=\"aligncenter size-full\"><img loading=\"lazy\" decoding=\"async\" width=\"2560\" height=\"1919\" src=\"https:\/\/www.inmobiliariaeguren.com\/wordpress\/wp-content\/uploads\/2024\/10\/Frente_Inmobiliaria-1-scaled.jpg\" alt=\"\" class=\"wp-image-5428\" srcset=\"https:\/\/www.inmobiliariaeguren.com\/wordpress\/wp-content\/uploads\/2024\/10\/Frente_Inmobiliaria-1-scaled.jpg 2560w, https:\/\/www.inmobiliariaeguren.com\/wordpress\/wp-content\/uploads\/2024\/10\/Frente_Inmobiliaria-1-300x225.jpg 300w, https:\/\/www.inmobiliariaeguren.com\/wordpress\/wp-content\/uploads\/2024\/10\/Frente_Inmobiliaria-1-1024x768.jpg 1024w, https:\/\/www.inmobiliariaeguren.com\/wordpress\/wp-content\/uploads\/2024\/10\/Frente_Inmobiliaria-1-768x576.jpg 768w, https:\/\/www.inmobiliariaeguren.com\/wordpress\/wp-content\/uploads\/2024\/10\/Frente_Inmobiliaria-1-1536x1152.jpg 1536w, https:\/\/www.inmobiliariaeguren.com\/wordpress\/wp-content\/uploads\/2024\/10\/Frente_Inmobiliaria-1-2048x1536.jpg 2048w\" sizes=\"(max-width: 2560px) 100vw, 2560px\" \/><\/figure><\/div>\n\n\n<div style=\"height:30px\" aria-hidden=\"true\" class=\"wp-block-spacer\"><\/div>\n\n\n\n<p class=\"has-text-align-center has-text-color\" style=\"color:#334099\">Inmobiliaria Eguren es una empresa Inmobiliaria que cuenta con un personal altamente capacitado, con profesional titulada de rematadora publica y operadora inmobiliaria, con casi 40 a\u00f1os de experiencia en el rubro.<\/p>\n\n\n\n<p class=\"has-text-align-center has-text-color\" style=\"color:#334099\">La responsabilidad, compromiso, \u00e9tica y nuestro gusto por lo que hacemos, son los valores que definen nuestro trabajo. Mientras que nuestra atenci\u00f3n profesional, eficiente y personalizada, unida a la experiencia adquirida a trav\u00e9s de todos estos a\u00f1os, otorga la tranquilidad, seguridad y confianza necesarias para cualquier tipo de Negocios inmobiliarios.<\/p>\n\n\n\n<p class=\"has-text-align-center has-text-color\" style=\"color:#334099\">Nuestra constante b\u00fasqueda de la excelencia en el servicio inmobiliario nos lleva a enorgullecernos por respetar y valorar a nuestros clientes en todo momento.<\/p>\n\n\n\n<p class=\"has-text-align-center has-text-color\" style=\"color:#334099\">Nuestro servicio integral es el resultado del trabajo en equipo. Somos un equipo profesional, altamente calificado, siempre disponible para aconsejarlo y asesorarlo en forma integral, esperando contar con un nuevo amigo.<\/p>\n\n\n\n<p class=\"has-text-align-center has-text-color\" style=\"color:#334099\">Nos dedicamos a la administraci\u00f3n de propiedades, ventas y tasaciones, cumpliendo con todos los requisitos para funcionar con tranquilidad, estando al d\u00eda con DGI, BPS, etc, adem\u00e1s, trabajamos con distintas oficinas del estado por estar adheridos al RUPE.<\/p>\n\n\n\n<p class=\"has-text-align-center has-text-color\" style=\"color:#334099\">Estamos ubicados en un punto estrat\u00e9gico de nuestra ciudad, en pleno centro de Melo, a media cuadra de la Intendencia Departamental de Cerro Largo y al Banco Scotiabank, a 1 cuadra del Banco de la Rep\u00fablica, a dos cuadras de ANDA y a pocas cuadras de los Juzgados Letrados y de Paz, BPS, DGI y a las oficinas centrales de UTE, OSE y ANTEL.<\/p>\n\n\n\n<h2 class=\"wp-block-heading has-text-align-center has-text-color\" style=\"color:#334099\">Visi\u00f3n<\/h2>\n\n\n\n<p class=\"has-text-align-center has-text-color\" style=\"color:#334099\">Transformarnos en la INMOBILIARIA LIDER para nuestros clientes y asi, basados en nuestros cuatro pilares fundamentales: Honestidad, \u00c9tica, Compromiso y Profesionalismo, buscar para nuestros clientes el mejor negocio, que les asegure el mayor retorno posible a su inversi\u00f3n, pretendiendo mantener los lazos empresa\/cliente a largo plazo.<\/p>\n\n\n\n<h2 class=\"wp-block-heading has-text-align-center has-text-color\" style=\"color:#334099\">Misi\u00f3n<\/h2>\n\n\n\n<p class=\"has-text-align-center has-text-color\" style=\"color:#334099\">Ayudar a nuestros clientes a tomar la mejor decisi\u00f3n al momento de realizar sus inversiones inmobiliarias, brind\u00e1ndoles para esto un asesoramiento integral, facilitandoles la compra, venta o alquiler de inmuebles en el menor tiempo posible y al mejor precio de mercado, protegiendo legalmente el patrimonio de las partes, con transparencia y confiabilidad. Dedicamos nuestros esfuerzos a conocer y satisfacer las necesidades de nuestros clientes. Nuestra filosof\u00eda es \u00abel cliente es lo primero\u00bb.<\/p>\n","protected":false},"excerpt":{"rendered":"<p>Inmobiliaria Eguren es una empresa Inmobiliaria que cuenta con un personal altamente capacitado, con profesional titulada de rematadora publica y operadora inmobiliaria, con casi 40 a\u00f1os de experiencia en el rubro. La responsabilidad, compromiso, \u00e9tica y nuestro gusto por lo que hacemos, son los valores que definen nuestro trabajo. Mientras que nuestra atenci\u00f3n profesional, eficiente&hellip;&nbsp;<a href=\"https:\/\/www.inmobiliariaeguren.com\/wordpress\/la-empresa\/\" class=\"\" rel=\"bookmark\">Leer m\u00e1s &raquo;<span class=\"screen-reader-text\">Empresa<\/span><\/a><\/p>\n","protected":false},"author":1,"featured_media":0,"parent":0,"menu_order":0,"comment_status":"closed","ping_status":"closed","template":"","meta":{"neve_meta_sidebar":"","neve_meta_container":"","neve_meta_enable_content_width":"","neve_meta_content_width":0,"neve_meta_title_alignment":"","neve_meta_author_avatar":"","neve_post_elements_order":"","neve_meta_disable_header":"","neve_meta_disable_footer":"off","neve_meta_disable_title":"on","ngg_post_thumbnail":0,"footnotes":""},"class_list":["post-37","page","type-page","status-publish","hentry"],"_links":{"self":[{"href":"https:\/\/www.inmobiliariaeguren.com\/wordpress\/wp-json\/wp\/v2\/pages\/37"}],"collection":[{"href":"https:\/\/www.inmobiliariaeguren.com\/wordpress\/wp-json\/wp\/v2\/pages"}],"about":[{"href":"https:\/\/www.inmobiliariaeguren.com\/wordpress\/wp-json\/wp\/v2\/types\/page"}],"author":[{"embeddable":true,"href":"https:\/\/www.inmobiliariaeguren.com\/wordpress\/wp-json\/wp\/v2\/users\/1"}],"replies":[{"embeddable":true,"href":"https:\/\/www.inmobiliariaeguren.com\/wordpress\/wp-json\/wp\/v2\/comments?post=37"}],"version-history":[{"count":11,"href":"https:\/\/www.inmobiliariaeguren.com\/wordpress\/wp-json\/wp\/v2\/pages\/37\/revisions"}],"predecessor-version":[{"id":5755,"href":"https:\/\/www.inmobiliariaeguren.com\/wordpress\/wp-json\/wp\/v2\/pages\/37\/revisions\/5755"}],"wp:attachment":[{"href":"https:\/\/www.inmobiliariaeguren.com\/wordpress\/wp-json\/wp\/v2\/media?parent=37"}],"curies":[{"name":"wp","href":"https:\/\/api.w.org\/{rel}","templated":true}]}}