{"id":16,"date":"2021-04-26T08:17:48","date_gmt":"2021-04-26T08:17:48","guid":{"rendered":"http:\/\/www.xn--gasaolyeguren-lkb.com\/wordpress\/?page_id=16"},"modified":"2024-10-02T18:26:19","modified_gmt":"2024-10-02T18:26:19","slug":"informacion","status":"publish","type":"page","link":"https:\/\/www.inmobiliariaeguren.com\/wordpress\/informacion\/","title":{"rendered":"Informaci\u00f3n"},"content":{"rendered":"\n<div style=\"height:30px\" aria-hidden=\"true\" class=\"wp-block-spacer\"><\/div>\n\n\n<div class=\"wp-block-image\">\n<figure class=\"aligncenter size-full\"><img loading=\"lazy\" decoding=\"async\" width=\"2560\" height=\"1919\" src=\"https:\/\/www.inmobiliariaeguren.com\/wordpress\/wp-content\/uploads\/2024\/10\/Frente_Inmobiliaria-1-scaled.jpg\" alt=\"\" class=\"wp-image-5428\" srcset=\"https:\/\/www.inmobiliariaeguren.com\/wordpress\/wp-content\/uploads\/2024\/10\/Frente_Inmobiliaria-1-scaled.jpg 2560w, https:\/\/www.inmobiliariaeguren.com\/wordpress\/wp-content\/uploads\/2024\/10\/Frente_Inmobiliaria-1-300x225.jpg 300w, https:\/\/www.inmobiliariaeguren.com\/wordpress\/wp-content\/uploads\/2024\/10\/Frente_Inmobiliaria-1-1024x768.jpg 1024w, https:\/\/www.inmobiliariaeguren.com\/wordpress\/wp-content\/uploads\/2024\/10\/Frente_Inmobiliaria-1-768x576.jpg 768w, https:\/\/www.inmobiliariaeguren.com\/wordpress\/wp-content\/uploads\/2024\/10\/Frente_Inmobiliaria-1-1536x1152.jpg 1536w, https:\/\/www.inmobiliariaeguren.com\/wordpress\/wp-content\/uploads\/2024\/10\/Frente_Inmobiliaria-1-2048x1536.jpg 2048w\" sizes=\"(max-width: 2560px) 100vw, 2560px\" \/><\/figure><\/div>\n\n\n<div style=\"height:30px\" aria-hidden=\"true\" class=\"wp-block-spacer\"><\/div>\n\n\n\n<h2 class=\"wp-block-heading has-text-align-center has-neve-link-hover-color-color has-text-color\">Nuestros servicios:<\/h2>\n\n\n\n<ul class=\"wp-block-list has-neve-link-hover-color-color has-text-color\">\n<li>Administraci\u00f3n de propiedades urbanas y rurales.<\/li>\n\n\n\n<li>Alquileres en Melo, Rio Branco, Fraile Muerto, Lago Merin y dem\u00e1s localidades del Departamento, as\u00ed como en Punta del Este, Costa de Oro y otros diversos puntos del pa\u00eds.<\/li>\n\n\n\n<li>Ventas dentro y fuera del departamento.<\/li>\n\n\n\n<li>Tasaciones de ventas y alquileres.<\/li>\n\n\n\n<li>Asesoramiento jur\u00eddico-notarial.<\/li>\n\n\n\n<li>Asesoramiento inmobiliario integral.<\/li>\n\n\n\n<li>Pagos de servicios a clientes, como ser contribuciones inmobiliarias, primarias, gastos comunes y afines.<\/li>\n<\/ul>\n\n\n\n<h2 class=\"wp-block-heading has-text-align-center has-neve-link-hover-color-color has-text-color\">Corretaje Inmobiliario<\/h2>\n\n\n\n<p class=\"has-text-align-center has-neve-link-hover-color-color has-text-color\">Somos Asesores en TASACIONES, COMPRA, VENTA, ARRENDAMIENTO y ADMINISTRACION de todo tipo de Inmuebles, contando con un equipo altamente calificado, trabajando de una manera diferente para ofrecerle a nuestros clientes un Servicio Integral.<\/p>\n\n\n\n<h2 class=\"wp-block-heading has-text-align-center has-neve-link-hover-color-color has-text-color\">Tasaci\u00f3nes<\/h2>\n\n\n\n<p class=\"has-text-align-center has-neve-link-hover-color-color has-text-color\">Conozca el valor de su propiedad y tome mejores decisiones. Les ofrecemos una tasaci\u00f3n profesional, independiente y objetiva, basada en tres criterios principales, \u201cMetodo Comparativo, Situacion actual del mercado, y experiencia propia\u201d.<\/p>\n\n\n\n<h2 class=\"wp-block-heading has-text-align-center has-neve-link-hover-color-color has-text-color\">Garant\u00edas<\/h2>\n\n\n\n<p class=\"has-text-align-center has-neve-link-hover-color-color has-text-color\">Las GARANTIAS con las cuales trabajamos seg\u00fan las condiciones de la propiedad son:<\/p>\n\n\n\n<div class=\"wp-block-columns is-layout-flex wp-container-core-columns-is-layout-1 wp-block-columns-is-layout-flex\">\n<div class=\"wp-block-column is-layout-flow wp-block-column-is-layout-flow\"><div class=\"wp-block-image\">\n<figure class=\"aligncenter size-large is-resized\"><img loading=\"lazy\" decoding=\"async\" width=\"100\" height=\"100\" src=\"https:\/\/www.inmobiliariaeguren.com\/wordpress\/wp-content\/uploads\/2021\/04\/cottage_black_24dp-1.png\" alt=\"\" class=\"wp-image-297\" style=\"width:75px;height:75px\"\/><\/figure><\/div>\n\n\n<p class=\"has-text-align-center\"><span class=\"has-inline-color has-neve-link-hover-color-color\"><strong>BIENES INMUEBLES<\/strong><\/span><\/p>\n<\/div>\n\n\n\n<div class=\"wp-block-column is-layout-flow wp-block-column-is-layout-flow\"><div class=\"wp-block-image\">\n<figure class=\"aligncenter size-large is-resized\"><img loading=\"lazy\" decoding=\"async\" width=\"100\" height=\"100\" src=\"https:\/\/www.inmobiliariaeguren.com\/wordpress\/wp-content\/uploads\/2021\/04\/porto_seguro_24dp.png\" alt=\"\" class=\"wp-image-299\" style=\"width:75px;height:75px\"\/><\/figure><\/div>\n\n\n<p class=\"has-text-align-center\"><strong><span class=\"has-inline-color has-neve-link-hover-color-color\">PORTO SEGURO<\/span><\/strong><\/p>\n<\/div>\n\n\n\n<div class=\"wp-block-column is-layout-flow wp-block-column-is-layout-flow\"><div class=\"wp-block-image\">\n<figure class=\"aligncenter size-large is-resized\"><img loading=\"lazy\" decoding=\"async\" width=\"100\" height=\"100\" src=\"https:\/\/www.inmobiliariaeguren.com\/wordpress\/wp-content\/uploads\/2021\/04\/ANDA_24dp.png\" alt=\"\" class=\"wp-image-300\" style=\"width:75px;height:75px\"\/><\/figure><\/div>\n\n\n<p class=\"has-text-align-center\"><strong><span class=\"has-inline-color has-neve-link-hover-color-color\">ANDA<\/span><\/strong><\/p>\n<\/div>\n<\/div>\n\n\n\n<p class=\"has-text-align-center has-neve-link-hover-color-color has-text-color\">Cuando la garant\u00eda es de BIENES INMUEBLES: el interesado deber\u00e1 proporcionar a la Inmobiliaria un Certificado Notarial donde rece:&nbsp;<\/p>\n\n\n\n<ul class=\"wp-block-list has-neve-link-hover-color-color has-text-color\">\n<li>La titularidad del BIEN puesto en garant\u00eda y la naturaleza del mismo.&nbsp;<\/li>\n\n\n\n<li>El BIEN debe encontrarse libre de Embargos, Grav\u00e1menes e Hipoteca.<\/li>\n\n\n\n<li>El BIEN no debe estar constituido en Bien de Familia, as\u00ed como la libre disponibilidad de los mismos.&nbsp;<\/li>\n\n\n\n<li>El\/los titular\/es debe\/n encontrarse libre de Embargos, Obligaciones e Interdicciones e Impedimentos.<\/li>\n\n\n\n<li>El Certificado Notarial debe estar vigente al momento de firmar el contrato.&nbsp;<\/li>\n<\/ul>\n\n\n\n<p class=\"has-text-align-center has-neve-link-hover-color-color has-text-color\">Cuando la garant\u00eda es de PORTO SEGURO: Debe concurrir a las oficinas de PORTO para la solicitud del Seguro de Alquiler, una vez autorizado por PORTO, procederemos a los tramites para la realizaci\u00f3n del contrato.<\/p>\n\n\n\n<p class=\"has-text-align-center has-neve-link-hover-color-color has-text-color\">Cuando la garant\u00eda es de ANDA: Debe concurrir a las oficinas de ANDA para el tr\u00e1mite de solicitud de la Garant\u00eda de Alquiler de Anda, una vez otorgado, procederemos a los tr\u00e1mites para la confecci\u00f3n del contrato.<\/p>\n","protected":false},"excerpt":{"rendered":"<p>Nuestros servicios: Corretaje Inmobiliario Somos Asesores en TASACIONES, COMPRA, VENTA, ARRENDAMIENTO y ADMINISTRACION de todo tipo de Inmuebles, contando con un equipo altamente calificado, trabajando de una manera diferente para ofrecerle a nuestros clientes un Servicio Integral. Tasaci\u00f3nes Conozca el valor de su propiedad y tome mejores decisiones. Les ofrecemos una tasaci\u00f3n profesional, independiente y&hellip;&nbsp;<a href=\"https:\/\/www.inmobiliariaeguren.com\/wordpress\/informacion\/\" class=\"\" rel=\"bookmark\">Leer m\u00e1s &raquo;<span class=\"screen-reader-text\">Informaci\u00f3n<\/span><\/a><\/p>\n","protected":false},"author":1,"featured_media":0,"parent":0,"menu_order":0,"comment_status":"closed","ping_status":"closed","template":"","meta":{"neve_meta_sidebar":"","neve_meta_container":"","neve_meta_enable_content_width":"","neve_meta_content_width":0,"neve_meta_title_alignment":"","neve_meta_author_avatar":"","neve_post_elements_order":"","neve_meta_disable_header":"","neve_meta_disable_footer":"off","neve_meta_disable_title":"on","ngg_post_thumbnail":0,"footnotes":""},"class_list":["post-16","page","type-page","status-publish","hentry"],"_links":{"self":[{"href":"https:\/\/www.inmobiliariaeguren.com\/wordpress\/wp-json\/wp\/v2\/pages\/16"}],"collection":[{"href":"https:\/\/www.inmobiliariaeguren.com\/wordpress\/wp-json\/wp\/v2\/pages"}],"about":[{"href":"https:\/\/www.inmobiliariaeguren.com\/wordpress\/wp-json\/wp\/v2\/types\/page"}],"author":[{"embeddable":true,"href":"https:\/\/www.inmobiliariaeguren.com\/wordpress\/wp-json\/wp\/v2\/users\/1"}],"replies":[{"embeddable":true,"href":"https:\/\/www.inmobiliariaeguren.com\/wordpress\/wp-json\/wp\/v2\/comments?post=16"}],"version-history":[{"count":11,"href":"https:\/\/www.inmobiliariaeguren.com\/wordpress\/wp-json\/wp\/v2\/pages\/16\/revisions"}],"predecessor-version":[{"id":5433,"href":"https:\/\/www.inmobiliariaeguren.com\/wordpress\/wp-json\/wp\/v2\/pages\/16\/revisions\/5433"}],"wp:attachment":[{"href":"https:\/\/www.inmobiliariaeguren.com\/wordpress\/wp-json\/wp\/v2\/media?parent=16"}],"curies":[{"name":"wp","href":"https:\/\/api.w.org\/{rel}","templated":true}]}}